{"id":6,"date":"2022-06-22T10:17:33","date_gmt":"2022-06-22T08:17:33","guid":{"rendered":"https:\/\/valuerental.pl\/?page_id=6"},"modified":"2025-06-08T13:25:45","modified_gmt":"2025-06-08T11:25:45","slug":"mieszkania","status":"publish","type":"page","link":"https:\/\/valuerental.pl\/","title":{"rendered":"Mieszkania Wroc\u0142aw"},"content":{"rendered":"\n<p>Najem na cel mieszkaniowy we Wroc\u0142awiu. Podpisz umow\u0119 najmu instytucjonalnego BEZPO\u015aREDNIO z nami ju\u017c teraz i wprowad\u017a si\u0119 w wybranym przez siebie terminie! Wszystkie oferty mieszka\u0144 na wynajem mo\u017cliwe BEZ PROWIZJI.*<\/p>\n<p>*0% prowizji dotyczy wi\u0119kszo\u015bci naszych ofert przy wynajmie na okres 12 miesi\u0119cy. Posiadamy r\u00f3wnie\u017c mieszkania na wynajem na mniej ni\u017c 12 miesi\u0119cy, ale wysoko\u015b\u0107 prowizji ustalana jest indywidualnie.\n\n\n<p><b>Pe\u0142n\u0105 ofert\u0119 naszych mieszka\u0144 na wynajem we Wroc\u0142awiu znajdziesz pod tym linkiem:<\/p><\/b>\n<p><a href=\"https:\/\/valuerental.pl\/index.php\/category\/1-pokojowe\" alt=\"mieszkanie we Wroc\u0142awiu na wynajem\">mieszkania 1-pokojowe<\/a><\/p>\n<p><a href=\"https:\/\/valuerental.pl\/index.php\/category\/2-pokojowe\" alt=\"mieszkanie we Wroc\u0142awiu na wynajem\">mieszkania 2-pokojowe<\/a><\/p>\n<p><a href=\"https:\/\/valuerental.pl\/index.php\/category\/3-pokojowe\" alt=\"mieszkanie we Wroc\u0142awiu na wynajem\">mieszkania 3-pokojowe<\/a><\/p>\n<p><a href=\"https:\/\/valuerental.pl\/index.php\/category\/4-pokojowe\" alt=\"mieszkanie we Wroc\u0142awiu na wynajem\">mieszkania 4-pokojowe<\/a><\/p>\n\n\n<p>UWAGA! Je\u015bli poszukujesz mieszkania na wynajem we Wroc\u0142awiu, ale przyje\u017cd\u017casz z daleka i chcia\u0142by\u015b zatrzyma\u0107 si\u0119 na kilka dni w centrum miasta, aby m\u00f3c rozezna\u0107 si\u0119 w ofertach to \u015bwietnie trafi\u0142e\u015b bo prowadzimy r\u00f3wnie\u017c <a href=\"https:\/\/citycentral.pl\" alt=\"nocleg we Wroc\u0142awiu\" target=\"_blank\" rel=\"noopener\">hostele i aparthotele przy wroc\u0142awskim Rynku &#8211; wi\u0119cej informacji tutaj: https:\/\/CITYCENTRAL.pl<\/a> lub wybierz przycisk panelu bocznego \u201eREZERWACJA\u201d.<\/p>\n","protected":false},"excerpt":{"rendered":"<p>Najem na cel mieszkaniowy we Wroc\u0142awiu. Podpisz umow\u0119 najmu instytucjonalnego BEZPO\u015aREDNIO z nami ju\u017c teraz i wprowad\u017a si\u0119 w wybranym przez siebie terminie! Wszystkie oferty&hellip;<\/p>\n","protected":false},"author":1,"featured_media":0,"parent":0,"menu_order":0,"comment_status":"closed","ping_status":"closed","template":"","meta":{"footnotes":""},"class_list":["post-6","page","type-page","status-publish","hentry"],"_links":{"self":[{"href":"https:\/\/valuerental.pl\/index.php\/wp-json\/wp\/v2\/pages\/6","targetHints":{"allow":["GET"]}}],"collection":[{"href":"https:\/\/valuerental.pl\/index.php\/wp-json\/wp\/v2\/pages"}],"about":[{"href":"https:\/\/valuerental.pl\/index.php\/wp-json\/wp\/v2\/types\/page"}],"author":[{"embeddable":true,"href":"https:\/\/valuerental.pl\/index.php\/wp-json\/wp\/v2\/users\/1"}],"replies":[{"embeddable":true,"href":"https:\/\/valuerental.pl\/index.php\/wp-json\/wp\/v2\/comments?post=6"}],"version-history":[{"count":24,"href":"https:\/\/valuerental.pl\/index.php\/wp-json\/wp\/v2\/pages\/6\/revisions"}],"predecessor-version":[{"id":4145,"href":"https:\/\/valuerental.pl\/index.php\/wp-json\/wp\/v2\/pages\/6\/revisions\/4145"}],"wp:attachment":[{"href":"https:\/\/valuerental.pl\/index.php\/wp-json\/wp\/v2\/media?parent=6"}],"curies":[{"name":"wp","href":"https:\/\/api.w.org\/{rel}","templated":true}]}}