{"id":7,"date":"2022-06-22T10:17:33","date_gmt":"2022-06-22T08:17:33","guid":{"rendered":"https:\/\/valuerental.pl\/?page_id=7"},"modified":"2025-06-08T13:24:24","modified_gmt":"2025-06-08T11:24:24","slug":"o-nas","status":"publish","type":"page","link":"https:\/\/valuerental.pl\/index.php\/o-nas\/","title":{"rendered":"O nas"},"content":{"rendered":"\n<p><strong>VALUE HOTELS Sp. z o. o. (dawniej r\u00f3wnie\u017c VALUE RENTAL Sp. z o. o.) <\/strong><\/p>\n\n\n\n<p>Dzia\u0142amy w bran\u017cy zarz\u0105dzania nieruchomo\u015bciami mieszkaniowymi od ponad 10 lat. W ofercie na wynajem posiadamy mieszkania 1, 2, 3 i nawet 4-pokojowe w najlepszych lokalizacjach w centrum Wroc\u0142awia. <\/p>\n\n\n\n<p>Polecamy najem instytucjonalny, d\u0142ugoterminowy na cel mieszkaniowy dla student\u00f3w, rodzin, par i singli (r\u00f3wnie\u017c z zagranicy)! Ka\u017cde z zarz\u0105dzanych przez nas mieszka\u0144 znajduje si\u0119 w \u015bcis\u0142ym centrum Wroc\u0142awia &#8211; g\u0142\u00f3wnie okolice Rynku. Idealna lokalizacja z uwagi na bezproblemow\u0105 komunikacj\u0119 z ka\u017cdym innym zak\u0105tkiem miasta.<\/p>\n\n\n\n<p>Dodatkowo, je\u015bli poszukujesz mieszkania na sta\u0142e we Wroc\u0142awiu, ale przyje\u017cd\u017casz z daleka i chcia\u0142by\u015b przeznaczy\u0107 kilka dni aby m\u00f3c rozezna\u0107 si\u0119 w ofertach, to \u015bwietnie trafi\u0142e\u015b, poniewa\u017c \u015bwiadczymy r\u00f3wnie\u017c us\u0142ugi noclegowe <a href=\"https:\/\/citycentral.pl\" alt=\"nocleg we Wroc\u0142awiu\" target=\"_blank\" rel=\"noopener\">w hostelach i aparthotelach przy wroc\u0142awskim Rynku &#8211; wi\u0119cej informacji w tym linku https:\/\/CITYCENTRAL.pl<\/a> lub wybierz przycisk panelu bocznego &#8222;REZERWACJA&#8221; &#8211; Zapraszamy!<\/p>\n","protected":false},"excerpt":{"rendered":"<p>VALUE HOTELS Sp. z o. o. (dawniej r\u00f3wnie\u017c VALUE RENTAL Sp. z o. o.) Dzia\u0142amy w bran\u017cy zarz\u0105dzania nieruchomo\u015bciami mieszkaniowymi od ponad 10 lat. W&hellip;<\/p>\n","protected":false},"author":1,"featured_media":0,"parent":0,"menu_order":0,"comment_status":"closed","ping_status":"closed","template":"","meta":{"footnotes":""},"class_list":["post-7","page","type-page","status-publish","hentry"],"_links":{"self":[{"href":"https:\/\/valuerental.pl\/index.php\/wp-json\/wp\/v2\/pages\/7","targetHints":{"allow":["GET"]}}],"collection":[{"href":"https:\/\/valuerental.pl\/index.php\/wp-json\/wp\/v2\/pages"}],"about":[{"href":"https:\/\/valuerental.pl\/index.php\/wp-json\/wp\/v2\/types\/page"}],"author":[{"embeddable":true,"href":"https:\/\/valuerental.pl\/index.php\/wp-json\/wp\/v2\/users\/1"}],"replies":[{"embeddable":true,"href":"https:\/\/valuerental.pl\/index.php\/wp-json\/wp\/v2\/comments?post=7"}],"version-history":[{"count":21,"href":"https:\/\/valuerental.pl\/index.php\/wp-json\/wp\/v2\/pages\/7\/revisions"}],"predecessor-version":[{"id":4144,"href":"https:\/\/valuerental.pl\/index.php\/wp-json\/wp\/v2\/pages\/7\/revisions\/4144"}],"wp:attachment":[{"href":"https:\/\/valuerental.pl\/index.php\/wp-json\/wp\/v2\/media?parent=7"}],"curies":[{"name":"wp","href":"https:\/\/api.w.org\/{rel}","templated":true}]}}