{"id":8,"date":"2022-06-22T10:17:33","date_gmt":"2022-06-22T08:17:33","guid":{"rendered":"https:\/\/valuerental.pl\/?page_id=8"},"modified":"2025-09-11T09:58:02","modified_gmt":"2025-09-11T07:58:02","slug":"kontakt","status":"publish","type":"page","link":"https:\/\/valuerental.pl\/index.php\/kontakt\/","title":{"rendered":"Kontakt"},"content":{"rendered":"\n<p><b>Wynajem mieszka\u0144 Wroc\u0142aw <\/b><br>tel. +48 690 160 915<br>longterm@citycentral.pl<\/p>\n\n<p><b>Noclegi we Wroc\u0142awiu<\/b><br>tel. +48 508 422 040<br>wroclaw@citycentral.pl<br>\n\n<p><b>VALUE HOTELS Sp. z o. o.<\/b> <br>ul. \u015bw. Miko\u0142aja 59-60 <br>50-127 Wroc\u0142aw\n<br>NIP: 8971880143<br>REGON: 386356663<br>KRS: 0000847108<br>mBank: 21 1140 2004 0000 3902 8014 6408<\/p>\n\n","protected":false},"excerpt":{"rendered":"<p>Wynajem mieszka\u0144 Wroc\u0142aw tel. +48 690 160 915longterm@citycentral.pl Noclegi we Wroc\u0142awiutel. +48 508 422 040wroclaw@citycentral.pl VALUE HOTELS Sp. z o. o. ul. \u015bw. Miko\u0142aja 59-60&hellip;<\/p>\n","protected":false},"author":1,"featured_media":0,"parent":0,"menu_order":0,"comment_status":"closed","ping_status":"closed","template":"","meta":{"footnotes":""},"class_list":["post-8","page","type-page","status-publish","hentry"],"_links":{"self":[{"href":"https:\/\/valuerental.pl\/index.php\/wp-json\/wp\/v2\/pages\/8","targetHints":{"allow":["GET"]}}],"collection":[{"href":"https:\/\/valuerental.pl\/index.php\/wp-json\/wp\/v2\/pages"}],"about":[{"href":"https:\/\/valuerental.pl\/index.php\/wp-json\/wp\/v2\/types\/page"}],"author":[{"embeddable":true,"href":"https:\/\/valuerental.pl\/index.php\/wp-json\/wp\/v2\/users\/1"}],"replies":[{"embeddable":true,"href":"https:\/\/valuerental.pl\/index.php\/wp-json\/wp\/v2\/comments?post=8"}],"version-history":[{"count":43,"href":"https:\/\/valuerental.pl\/index.php\/wp-json\/wp\/v2\/pages\/8\/revisions"}],"predecessor-version":[{"id":4149,"href":"https:\/\/valuerental.pl\/index.php\/wp-json\/wp\/v2\/pages\/8\/revisions\/4149"}],"wp:attachment":[{"href":"https:\/\/valuerental.pl\/index.php\/wp-json\/wp\/v2\/media?parent=8"}],"curies":[{"name":"wp","href":"https:\/\/api.w.org\/{rel}","templated":true}]}}